{"id":21,"date":"2014-02-27T17:59:23","date_gmt":"2014-02-27T16:59:23","guid":{"rendered":"http:\/\/ghae.fr\/?page_id=21"},"modified":"2018-04-10T18:27:15","modified_gmt":"2018-04-10T16:27:15","slug":"general","status":"publish","type":"page","link":"http:\/\/ghae.fr\/?page_id=21","title":{"rendered":"Associatif"},"content":{"rendered":"<p style=\"text-align: center;\"><span style=\"color: #00ff00;\"><strong>B\u00c9N\u00c9VOLE<\/strong><\/span><\/p>\n<p><span style=\"color: #00ccff;\">\u2022 Depuis 2017 : Membre de la Commission Formation de la Ligue d&rsquo;Aquitaine de Boxe<\/span><\/p>\n<p><span style=\"color: #00ccff;\">\u2022 Depuis 2016 : Secr\u00e9taire G\u00e9n\u00e9ral du Comit\u00e9 D\u00e9partemental des Pyr\u00e9n\u00e9es Atlantiques de Boxe<\/span><\/p>\n<p><span style=\"color: #00ccff;\">\u2022 Depuis 2015 : Membre de la Commission Juridique et Discipline de la Ligue d&rsquo;Aquitaine de Boxe<\/span><\/p>\n<p><span style=\"color: #00ccff;\">\u2022 Depuis 2011 : Membre du CA du Comit\u00e9 D\u00e9partemental des Pyr\u00e9n\u00e9es Atlantiques de Boxe<\/span><\/p>\n<p><span style=\"color: #00ccff;\">\u2022 Depuis 2006 : Pr\u00e9sident fondateur et\u00a0entra\u00eeneur\u00a0du <a style=\"color: #00ccff;\" href=\"http:\/\/boxe-club.fr\/\" target=\"_blank\" rel=\"noopener\">Boxing Club d\u2019Orthez<\/a><\/span><\/p>\n<p><span style=\"color: #00ccff;\">\u2022 2012 &#8211; 2014 : Membre fondateur de l&rsquo;association l&rsquo;Orth\u00e9zienne (Course f\u00e9minine \u00e0 Orthez)<\/span><\/p>\n<p><span style=\"color: #00ccff;\">\u2022 Depuis 2003 : Membre de l&rsquo;association Sport Y Fiesta<\/span><\/p>\n<p><span style=\"color: #00ccff;\">\u2022 2001 &#8211; 2006 : Membre du CA du Centre Socioculturel d&rsquo;Orthez et entra\u00eeneur b\u00e9n\u00e9vole de la Section Boxe<\/span><\/p>\n<p><script>\/\/ <![CDATA[ (function(i,s,o,g,r,a,m){i['GoogleAnalyticsObject']=r;i[r]=i[r]||function(){ (i[r].q=i[r].q||[]).push(arguments)},i[r].l=1*new Date();a=s.createElement(o), m=s.getElementsByTagName(o)[0];a.async=1;a.src=g;m.parentNode.insertBefore(a,m) })(window,document,'script','\/\/www.google-analytics.com\/analytics.js','ga'); ga('create', 'UA-62722757-1', 'auto'); ga('send', 'pageview'); \/\/ ]]><\/script><\/p>\n","protected":false},"excerpt":{"rendered":"<p>B\u00c9N\u00c9VOLE \u2022 Depuis 2017 : Membre de la Commission Formation de la Ligue d&rsquo;Aquitaine de Boxe \u2022 Depuis 2016 : Secr\u00e9taire G\u00e9n\u00e9ral du Comit\u00e9 D\u00e9partemental des Pyr\u00e9n\u00e9es Atlantiques de Boxe \u2022 Depuis 2015 : Membre de la Commission Juridique et Discipline de la Ligue d&rsquo;Aquitaine de Boxe \u2022 Depuis 2011 : Membre du CA du [&hellip;]<\/p>\n","protected":false},"author":1,"featured_media":0,"parent":19,"menu_order":1,"comment_status":"closed","ping_status":"open","template":"","meta":[],"_links":{"self":[{"href":"http:\/\/ghae.fr\/index.php?rest_route=\/wp\/v2\/pages\/21"}],"collection":[{"href":"http:\/\/ghae.fr\/index.php?rest_route=\/wp\/v2\/pages"}],"about":[{"href":"http:\/\/ghae.fr\/index.php?rest_route=\/wp\/v2\/types\/page"}],"author":[{"embeddable":true,"href":"http:\/\/ghae.fr\/index.php?rest_route=\/wp\/v2\/users\/1"}],"replies":[{"embeddable":true,"href":"http:\/\/ghae.fr\/index.php?rest_route=%2Fwp%2Fv2%2Fcomments&post=21"}],"version-history":[{"count":17,"href":"http:\/\/ghae.fr\/index.php?rest_route=\/wp\/v2\/pages\/21\/revisions"}],"predecessor-version":[{"id":535,"href":"http:\/\/ghae.fr\/index.php?rest_route=\/wp\/v2\/pages\/21\/revisions\/535"}],"up":[{"embeddable":true,"href":"http:\/\/ghae.fr\/index.php?rest_route=\/wp\/v2\/pages\/19"}],"wp:attachment":[{"href":"http:\/\/ghae.fr\/index.php?rest_route=%2Fwp%2Fv2%2Fmedia&parent=21"}],"curies":[{"name":"wp","href":"https:\/\/api.w.org\/{rel}","templated":true}]}}