{"id":23,"date":"2014-02-27T17:59:52","date_gmt":"2014-02-27T16:59:52","guid":{"rendered":"http:\/\/ghae.fr\/?page_id=23"},"modified":"2023-03-20T10:03:56","modified_gmt":"2023-03-20T09:03:56","slug":"sport","status":"publish","type":"page","link":"http:\/\/ghae.fr\/?page_id=23","title":{"rendered":"Sportif"},"content":{"rendered":"<p style=\"text-align: center;\"><span style=\"color: #00ff00;\"><strong>ENTRA\u00ceNEUR\u00a0&#8211; FORMATEUR DE BOXE \/ PR\u00c9PARATION PHYSIQUE<\/strong><\/span><\/p>\n<p style=\"text-align: center;\"><span style=\"color: #00ff00;\"><strong>\u00c9DUCATEUR SPORTIF<\/strong><\/span><\/p>\n<p><span style=\"color: #00ff00;\"><strong>FORMATION<\/strong><\/span><\/p>\n<p><span style=\"color: #00ccff;\">\u2022 2023 : Brevet Professionnel de la Jeunesse et de l\u2019\u00c9ducation Populaire du Sport Mention Sports de Contact (Full-Contact, Kick-Boxing, MuayTha\u00ef)<\/span><\/p>\n<p><span style=\"color: #00ccff;\">\u2022 2017 : Certificat Compl\u00e9mentaire au BPJEPS APT : Direction d&rsquo;un Accueil Collectif de Mineurs \u00e0 <a style=\"color: #00ccff;\" href=\"http:\/\/www.sps-formations.com\/\" target=\"_blank\" rel=\"noopener noreferrer\">SPS l&rsquo;\u00e9cole du sport \u00e0 Pau<\/a> (64)<\/span><\/p>\n<p><span style=\"color: #00ccff;\">\u2022 2016 : Formation nutrition du sport &amp; sant\u00e9 bien-\u00eatre<\/span><\/p>\n<p><span style=\"color: #00ccff;\">\u2022 2010 &#8211; 2012 : Brevet Professionnel de la Jeunesse et de l\u2019\u00c9ducation Populaire du Sport Mention Boxe (BP JEPS BOXE)<\/span><br \/>\n<span style=\"color: #00ccff;\"> <a style=\"color: #00ccff;\" href=\"http:\/\/www.espace1000sources.com\/\" target=\"_blank\" rel=\"noopener noreferrer\">Centre Sportif D\u00e9partemental de Bugeat (19) en Corr\u00e8ze<\/a><\/span><\/p>\n<p><span style=\"color: #00ccff;\">\u2022 2010 &#8211; 2012 : Formation Dipl\u00f4me Universitaire de Pr\u00e9paration Physique Gilles Cometti<\/span><br \/>\n<span style=\"color: #00ccff;\"> <a style=\"color: #00ccff;\" href=\"http:\/\/expertise-performance.u-bourgogne.fr\/\" target=\"_blank\" rel=\"noopener noreferrer\">Centre d&rsquo;Expertise de la Performance bas\u00e9 \u00e0 Dijon<\/a> (21)<\/span><\/p>\n<p><span style=\"color: #00ccff;\">\u2022 2006 &#8211; 2007 : Brevet Professionnel de la Jeunesse et de l\u2019\u00c9ducation Populaire du Sport Sp\u00e9cialit\u00e9 : Activit\u00e9s Physiques pour Tous (BP JEPS APT)<\/span><br \/>\n<span style=\"color: #00ccff;\"> <a style=\"color: #00ccff;\" href=\"http:\/\/www.aquitainesportpourtous.com\/\" target=\"_blank\" rel=\"noopener noreferrer\">Aquitaine Sport Pour Tous \u00e0 Villenave-d&rsquo;Ornon <\/a>(33)<\/span><\/p>\n<p><span style=\"color: #00ccff;\">\u2022 2003 &#8211; 2004 : Brevet de Moniteur F\u00e9d\u00e9ral de Full Contact<\/span><br \/>\n<span style=\"color: #00ccff;\"> Cit\u00e9 Verte \u00e0 Hagetmau (40)<\/span><\/p>\n<p><span style=\"color: #00ff00;\"><strong>EXP\u00c9RIENCES PROFESSIONNELLES<\/strong><\/span><\/p>\n<p><span style=\"color: #00ccff;\">\u2022 Depuis 2010 : Auto-entrepreneur \u00c9ducateur Sportif &#8211; Formateur &#8211; Professeur de Danse<br \/>\n<\/span><\/p>\n<p><span style=\"color: #00ccff;\">Cours de Boxe et Danse principalement; cours particuliers et interventions\u00a0Maison d&rsquo;enfants\u00a0Brassalay \u00e0 Biron, et Etablissements Scolaires Sainte Bernadette \u00e0 Audaux.<\/span><\/p>\n<p><span style=\"color: #00ccff;\">\u2022 Depuis 2014 : Formateur BPJEPS APT en structure priv\u00e9e<br \/>\n<\/span><\/p>\n<p><span style=\"color: #00ff00;\"><strong>PRATIQUES SPORTIVES<\/strong><\/span><\/p>\n<p><span style=\"color: #00ccff;\">\u2022 2011 &#8211; 2018 : Salsa \u00e0 <a style=\"color: #00ccff;\" href=\"http:\/\/www.irokosalsa.com\/accueil\/\" target=\"_blank\" rel=\"noopener noreferrer\">Iroko Salsa \u00e0 Pau<\/a><\/span><\/p>\n<p><span style=\"color: #00ccff;\">\u2022 Depuis 2008 : Boxe Anglaise \u00e0 Orthez\u00a0et Pau<\/span><\/p>\n<p><span style=\"color: #00ccff;\">\u2022 2001 &#8211; 2009 : Rock, tango, passo, valse, chacha, quieck step, rumba, samba, et valse lente \u00e0 l&rsquo;\u00e9cole de Danse Viala \u00e0 Pau<\/span><\/p>\n<p><span style=\"color: #00ccff;\">\u2022 1998 &#8211; 2008 : Full Contact puis Boxe Anglaise \u00e0 Orthez &#8211; Biarritz &#8211; Pau &#8211; Hagetmau<\/span><\/p>\n<p><script>\/\/ <![CDATA[ (function(i,s,o,g,r,a,m){i['GoogleAnalyticsObject']=r;i[r]=i[r]||function(){ (i[r].q=i[r].q||[]).push(arguments)},i[r].l=1*new Date();a=s.createElement(o), m=s.getElementsByTagName(o)[0];a.async=1;a.src=g;m.parentNode.insertBefore(a,m) })(window,document,'script','\/\/www.google-analytics.com\/analytics.js','ga'); ga('create', 'UA-62722757-1', 'auto'); ga('send', 'pageview'); \/\/ ]]><\/script><\/p>\n","protected":false},"excerpt":{"rendered":"<p>ENTRA\u00ceNEUR\u00a0&#8211; FORMATEUR DE BOXE \/ PR\u00c9PARATION PHYSIQUE \u00c9DUCATEUR SPORTIF FORMATION \u2022 2023 : Brevet Professionnel de la Jeunesse et de l\u2019\u00c9ducation Populaire du Sport Mention Sports de Contact (Full-Contact, Kick-Boxing, MuayTha\u00ef) \u2022 2017 : Certificat Compl\u00e9mentaire au BPJEPS APT : Direction d&rsquo;un Accueil Collectif de Mineurs \u00e0 SPS l&rsquo;\u00e9cole du sport \u00e0 Pau (64) \u2022 [&hellip;]<\/p>\n","protected":false},"author":1,"featured_media":0,"parent":19,"menu_order":3,"comment_status":"closed","ping_status":"open","template":"","meta":[],"_links":{"self":[{"href":"http:\/\/ghae.fr\/index.php?rest_route=\/wp\/v2\/pages\/23"}],"collection":[{"href":"http:\/\/ghae.fr\/index.php?rest_route=\/wp\/v2\/pages"}],"about":[{"href":"http:\/\/ghae.fr\/index.php?rest_route=\/wp\/v2\/types\/page"}],"author":[{"embeddable":true,"href":"http:\/\/ghae.fr\/index.php?rest_route=\/wp\/v2\/users\/1"}],"replies":[{"embeddable":true,"href":"http:\/\/ghae.fr\/index.php?rest_route=%2Fwp%2Fv2%2Fcomments&post=23"}],"version-history":[{"count":30,"href":"http:\/\/ghae.fr\/index.php?rest_route=\/wp\/v2\/pages\/23\/revisions"}],"predecessor-version":[{"id":597,"href":"http:\/\/ghae.fr\/index.php?rest_route=\/wp\/v2\/pages\/23\/revisions\/597"}],"up":[{"embeddable":true,"href":"http:\/\/ghae.fr\/index.php?rest_route=\/wp\/v2\/pages\/19"}],"wp:attachment":[{"href":"http:\/\/ghae.fr\/index.php?rest_route=%2Fwp%2Fv2%2Fmedia&parent=23"}],"curies":[{"name":"wp","href":"https:\/\/api.w.org\/{rel}","templated":true}]}}