{"id":253,"date":"2015-03-16T14:24:53","date_gmt":"2015-03-16T13:24:53","guid":{"rendered":"http:\/\/ghae.fr\/?page_id=253"},"modified":"2018-01-08T17:21:53","modified_gmt":"2018-01-08T16:21:53","slug":"liens","status":"publish","type":"page","link":"http:\/\/ghae.fr\/?page_id=253","title":{"rendered":"Liens"},"content":{"rendered":"<p style=\"text-align: center;\"><strong><span style=\"color: #ff0000;\">LIENS PERSO-PRO-RESEAUX<\/span><\/strong><\/p>\n<p style=\"text-align: center;\"><span style=\"color: #00ccff;\"><a style=\"color: #00ccff;\" href=\"https:\/\/www.linkedin.com\/in\/guillaume-hiriart-b5947698\/\" target=\"_blank\" rel=\"noopener\">Profil Linked in<\/a><\/span><\/p>\n<p style=\"text-align: center;\"><a href=\"https:\/\/www.instagram.com\/guillaume.hiriart\/\" target=\"_blank\" rel=\"noopener\"><span style=\"color: #33cccc;\"><span style=\"color: #00ccff;\">Profil Instagram<\/span><\/span><\/a><\/p>\n<p style=\"text-align: center;\"><a href=\"https:\/\/twitter.com\/SweetLou64?ref_src=twsrc%5Etfw&amp;ref_url=http%3A%2F%2Fghae.fr%2F%3Fpage_id%3D253\" target=\"_blank\" rel=\"noopener\"><span style=\"color: #00ccff;\">Profil Twitter<\/span><\/a><\/p>\n<p style=\"text-align: center;\"><span style=\"color: #00ccff;\"><a style=\"color: #00ccff;\" href=\"https:\/\/www.facebook.com\/coach.fitnesstrainer\/?notif_t=page_fan&amp;notif_id=1487779240212257\" target=\"_blank\" rel=\"noopener\">Suivre les informations \u00ab\u00a0Pr\u00e9parateurs Physiques\u00a0\u00bb sur facebook<\/a><\/span><\/p>\n<p style=\"text-align: center;\"><strong><span style=\"color: #ff0000;\">BOXE \/ SPORTS DE COMBATS \/ <\/span><\/strong><strong><span style=\"color: #ff0000;\">PR\u00c9PARATION PHYSIQUE<\/span><\/strong><\/p>\n<p style=\"text-align: center;\"><span style=\"color: #00ccff;\"><a style=\"color: #00ccff;\" href=\"http:\/\/ghae.fr\/wp-content\/uploads\/2015\/03\/boxing.png\"><img decoding=\"async\" loading=\"lazy\" class=\"alignnone wp-image-365\" src=\"http:\/\/ghae.fr\/wp-content\/uploads\/2015\/03\/boxing.png\" alt=\"boxing\" width=\"46\" height=\"50\" srcset=\"http:\/\/ghae.fr\/wp-content\/uploads\/2015\/03\/boxing.png 1064w, http:\/\/ghae.fr\/wp-content\/uploads\/2015\/03\/boxing-274x300.png 274w, http:\/\/ghae.fr\/wp-content\/uploads\/2015\/03\/boxing-935x1024.png 935w\" sizes=\"(max-width: 46px) 100vw, 46px\" \/><\/a><\/span><\/p>\n<p style=\"text-align: center;\"><span style=\"color: #00ccff;\"><a style=\"color: #00ccff;\" title=\"Boxing Club Orthez\" href=\"http:\/\/boxe-club.fr\/\" target=\"_blank\" rel=\"noopener\">Boxing Club Orthez<\/a>\u00a0(Site internet)<\/span><\/p>\n<p style=\"text-align: center;\"><span style=\"color: #00ccff;\"><a style=\"color: #00ccff;\" title=\"Boxing Club Orthez\" href=\"https:\/\/fr-fr.facebook.com\/BoxingClubOrthez\" target=\"_blank\" rel=\"noopener\">Boxing Club Orthez<\/a>\u00a0(Page facebook)<\/span><\/p>\n<p style=\"text-align: center;\"><a href=\"http:\/\/ghae.fr\/wp-content\/uploads\/2015\/03\/FFBoxe.jpg\"><img decoding=\"async\" loading=\"lazy\" class=\"alignnone size-full wp-image-470\" src=\"http:\/\/ghae.fr\/wp-content\/uploads\/2015\/03\/FFBoxe.jpg\" alt=\"\" width=\"202\" height=\"76\" \/><\/a><\/p>\n<p style=\"text-align: center;\"><span style=\"color: #00ccff;\"><a style=\"color: #00ccff;\" title=\"F\u00e9d\u00e9ration Fran\u00e7aise de Boxe\" href=\"http:\/\/www.ffboxe.com\/\" target=\"_blank\" rel=\"noopener\">F\u00e9d\u00e9ration Fran\u00e7aise de Boxe<\/a><\/span><\/p>\n<p style=\"text-align: center;\"><span style=\"color: #00ccff;\"><a style=\"color: #00ccff;\" href=\"http:\/\/ghae.fr\/wp-content\/uploads\/2015\/03\/CRAB.jpg\"><img decoding=\"async\" loading=\"lazy\" class=\"alignnone wp-image-332\" src=\"http:\/\/ghae.fr\/wp-content\/uploads\/2015\/03\/CRAB.jpg\" alt=\"CRAB\" width=\"91\" height=\"93\" \/><\/a><\/span><\/p>\n<p style=\"text-align: center;\"><span style=\"color: #00ccff;\"><a style=\"color: #00ccff;\" title=\"Comit\u00e9 Aquitaine Boxe\" href=\"http:\/\/comiteaquitaineboxe.com\/\" target=\"_blank\" rel=\"noopener\">Comit\u00e9 Aquitaine Boxe<\/a><\/span><\/p>\n<p style=\"text-align: center;\"><span style=\"color: #00ccff;\"><a style=\"color: #00ccff;\" href=\"http:\/\/ghae.fr\/wp-content\/uploads\/2015\/03\/FFKMDA.jpg\"><img decoding=\"async\" loading=\"lazy\" class=\"alignnone wp-image-331\" src=\"http:\/\/ghae.fr\/wp-content\/uploads\/2015\/03\/FFKMDA.jpg\" alt=\"FFKMDA\" width=\"233\" height=\"96\" srcset=\"http:\/\/ghae.fr\/wp-content\/uploads\/2015\/03\/FFKMDA.jpg 550w, http:\/\/ghae.fr\/wp-content\/uploads\/2015\/03\/FFKMDA-300x124.jpg 300w\" sizes=\"(max-width: 233px) 100vw, 233px\" \/><\/a><\/span><\/p>\n<p style=\"text-align: center;\"><span style=\"color: #00ccff;\"><a style=\"color: #00ccff;\" href=\"http:\/\/www.ffkmda.fr\/\" target=\"_blank\" rel=\"noopener\">F\u00e9d\u00e9ration Fran\u00e7aise de Kick Boxing &#8211; Muay Thai et Disciplines Associ\u00e9es<\/a><\/span><\/p>\n<p style=\"text-align: center;\"><span style=\"color: #00ccff;\"><a style=\"color: #00ccff;\" href=\"http:\/\/ghae.fr\/wp-content\/uploads\/2015\/03\/CEP-GC-Dijon.jpg\"><img decoding=\"async\" loading=\"lazy\" class=\"alignnone wp-image-334\" src=\"http:\/\/ghae.fr\/wp-content\/uploads\/2015\/03\/CEP-GC-Dijon.jpg\" alt=\"CEP GC Dijon\" width=\"418\" height=\"85\" srcset=\"http:\/\/ghae.fr\/wp-content\/uploads\/2015\/03\/CEP-GC-Dijon.jpg 1398w, http:\/\/ghae.fr\/wp-content\/uploads\/2015\/03\/CEP-GC-Dijon-300x61.jpg 300w, http:\/\/ghae.fr\/wp-content\/uploads\/2015\/03\/CEP-GC-Dijon-1024x208.jpg 1024w\" sizes=\"(max-width: 418px) 100vw, 418px\" \/><\/a><\/span><\/p>\n<p style=\"text-align: center;\"><span style=\"color: #00ccff;\"><a style=\"color: #00ccff;\" title=\"Centre d'Expertise de la Performance - Dijon\" href=\"http:\/\/expertise-performance.u-bourgogne.fr\/\" target=\"_blank\" rel=\"noopener\">Centre d&rsquo;Expertise de la Performance &#8211; Dijon<\/a><\/span><\/p>\n<p style=\"text-align: center;\"><span style=\"color: #ff0000;\"><strong>ASSOCIATIONS<\/strong><\/span><\/p>\n<p style=\"text-align: center;\"><a href=\"http:\/\/ghae.fr\/wp-content\/uploads\/2015\/03\/iroko-salsa.jpg\"><img decoding=\"async\" loading=\"lazy\" class=\"alignnone wp-image-335\" src=\"http:\/\/ghae.fr\/wp-content\/uploads\/2015\/03\/iroko-salsa.jpg\" alt=\"iroko salsa\" width=\"140\" height=\"140\" srcset=\"http:\/\/ghae.fr\/wp-content\/uploads\/2015\/03\/iroko-salsa.jpg 300w, http:\/\/ghae.fr\/wp-content\/uploads\/2015\/03\/iroko-salsa-150x150.jpg 150w\" sizes=\"(max-width: 140px) 100vw, 140px\" \/><\/a><\/p>\n<p style=\"text-align: center;\"><span style=\"color: #00ccff;\"><a style=\"color: #00ccff;\" href=\"http:\/\/www.irokosalsa.com\/accueil\/\" target=\"_blank\" rel=\"noopener\">Iroko Salsa<\/a>\u00a0(Site internet)<\/span><\/p>\n<p style=\"text-align: center;\"><span style=\"color: #00ccff;\"><a style=\"color: #00ccff;\" href=\"https:\/\/www.facebook.com\/iroko.salsapau\" target=\"_blank\" rel=\"noopener\">Iroko Salsa<\/a>\u00a0(Page Facebook)<\/span><\/p>\n<p style=\"text-align: center;\"><span style=\"color: #00ccff;\"><a style=\"color: #00ccff;\" href=\"http:\/\/ghae.fr\/wp-content\/uploads\/2015\/03\/FT-Mont.jpg\"><img decoding=\"async\" loading=\"lazy\" class=\"alignnone wp-image-336\" src=\"http:\/\/ghae.fr\/wp-content\/uploads\/2015\/03\/FT-Mont.jpg\" alt=\"FT Mont\" width=\"87\" height=\"118\" \/><\/a><\/span><\/p>\n<p style=\"text-align: center;\"><span style=\"color: #00ccff;\"><a style=\"color: #00ccff;\" href=\"http:\/\/www.ftmont.fr\/\" target=\"_blank\" rel=\"noopener\">Les Francs Tireurs de Mont<\/a><\/span><\/p>\n<p style=\"text-align: center;\"><strong><span style=\"color: #ff0000;\">CLIENTS \/ PARTENAIRES<\/span><\/strong><\/p>\n<p style=\"text-align: center;\"><span style=\"color: #00ccff;\"><a style=\"color: #00ccff;\" title=\"Etablissements scolaires et \u00e9ducatifs Sainte-Bernadette\" href=\"http:\/\/sainte-bernadette.apprentis-auteuil.org\/boxe-educative-2\/\" target=\"_blank\" rel=\"noopener\">\u00c9tablissements scolaires et \u00e9ducatifs Sainte-Bernadette<\/a><\/span><\/p>\n<p style=\"text-align: center;\"><span style=\"color: #00ccff;\"><a style=\"color: #00ccff;\" href=\"http:\/\/apco64.fr\/\" target=\"_blank\" rel=\"noopener\">Amicale du Personnel de la Commune d&rsquo;Orthez<\/a><\/span><\/p>\n<p style=\"text-align: center;\"><span style=\"color: #00ccff;\"><a style=\"color: #00ccff;\" href=\"https:\/\/www.ca-pyrenees-gascogne.fr\/\" target=\"_blank\" rel=\"noopener\">Cr\u00e9dit Agricole Pyr\u00e9n\u00e9es Gascogne &#8211; Agence d&rsquo;Orthez<\/a><\/span><\/p>\n<p style=\"text-align: center;\"><strong><span style=\"color: #ff0000;\">ENTREPRISES<\/span><\/strong><\/p>\n<p style=\"text-align: center;\"><span style=\"color: #00ccff;\"><a style=\"color: #00ccff;\" href=\"http:\/\/hl-charpente.fr\/\" target=\"_blank\" rel=\"noopener\">Hiriart &#8211; Labarrere Charpente<\/a><\/span><\/p>\n<p style=\"text-align: center;\"><span style=\"color: #00ccff;\"><a style=\"color: #00ccff;\" href=\"https:\/\/www.facebook.com\/pages\/GeCook\/1835398506685954\" target=\"_blank\" rel=\"noopener\">GeCook<\/a><\/span><\/p>\n<p style=\"text-align: center;\"><strong><span style=\"color: #ff0000;\">R\u00c9SEAUX<\/span><\/strong><\/p>\n<p style=\"text-align: center;\"><span style=\"color: #00ccff;\"><a style=\"color: #00ccff;\" href=\"https:\/\/plus.google.com\/106599371037326740702\/posts\" target=\"_blank\" rel=\"noopener\">Google +<\/a><\/span><\/p>\n<p style=\"text-align: center;\"><span style=\"color: #00ccff;\"><a style=\"color: #00ccff;\" href=\"https:\/\/fr.linkedin.com\/pub\/guillaume-hiriart\/98\/476\/b59\" target=\"_blank\" rel=\"noopener\">Linked in<\/a><\/span><\/p>\n<p style=\"text-align: center;\"><a href=\"https:\/\/www.instagram.com\/guillaume.hiriart\/\" target=\"_blank\" rel=\"noopener\"><span style=\"color: #00ccff;\">Profil Instagram<\/span><\/a><\/p>\n<p style=\"text-align: center;\"><a href=\"https:\/\/twitter.com\/SweetLou64?ref_src=twsrc%5Etfw&amp;ref_url=http%3A%2F%2Fghae.fr%2F%3Fpage_id%3D253\" target=\"_blank\" rel=\"noopener\"><span style=\"color: #00ccff;\">Profil Twitter<\/span><\/a><\/p>\n<p style=\"text-align: center;\"><span style=\"color: #00ccff;\"><a style=\"color: #00ccff;\" href=\"http:\/\/copainsdavant.linternaute.com\/p\/guillaume-hiriart-4908609\" target=\"_blank\" rel=\"noopener\">Copains d&rsquo;avant<\/a><\/span><\/p>\n<p><script>\/\/ <![CDATA[ (function(i,s,o,g,r,a,m){i['GoogleAnalyticsObject']=r;i[r]=i[r]||function(){ (i[r].q=i[r].q||[]).push(arguments)},i[r].l=1*new Date();a=s.createElement(o), m=s.getElementsByTagName(o)[0];a.async=1;a.src=g;m.parentNode.insertBefore(a,m) })(window,document,'script','\/\/www.google-analytics.com\/analytics.js','ga'); ga('create', 'UA-62722757-1', 'auto'); ga('send', 'pageview'); \/\/ ]]><\/script><\/p>\n","protected":false},"excerpt":{"rendered":"<p>LIENS PERSO-PRO-RESEAUX Profil Linked in Profil Instagram Profil Twitter Suivre les informations \u00ab\u00a0Pr\u00e9parateurs Physiques\u00a0\u00bb sur facebook BOXE \/ SPORTS DE COMBATS \/ PR\u00c9PARATION PHYSIQUE Boxing Club Orthez\u00a0(Site internet) Boxing Club Orthez\u00a0(Page facebook) F\u00e9d\u00e9ration Fran\u00e7aise de Boxe Comit\u00e9 Aquitaine Boxe F\u00e9d\u00e9ration Fran\u00e7aise de Kick Boxing &#8211; Muay Thai et Disciplines Associ\u00e9es Centre d&rsquo;Expertise de la Performance [&hellip;]<\/p>\n","protected":false},"author":1,"featured_media":0,"parent":0,"menu_order":5,"comment_status":"closed","ping_status":"open","template":"","meta":[],"_links":{"self":[{"href":"http:\/\/ghae.fr\/index.php?rest_route=\/wp\/v2\/pages\/253"}],"collection":[{"href":"http:\/\/ghae.fr\/index.php?rest_route=\/wp\/v2\/pages"}],"about":[{"href":"http:\/\/ghae.fr\/index.php?rest_route=\/wp\/v2\/types\/page"}],"author":[{"embeddable":true,"href":"http:\/\/ghae.fr\/index.php?rest_route=\/wp\/v2\/users\/1"}],"replies":[{"embeddable":true,"href":"http:\/\/ghae.fr\/index.php?rest_route=%2Fwp%2Fv2%2Fcomments&post=253"}],"version-history":[{"count":21,"href":"http:\/\/ghae.fr\/index.php?rest_route=\/wp\/v2\/pages\/253\/revisions"}],"predecessor-version":[{"id":511,"href":"http:\/\/ghae.fr\/index.php?rest_route=\/wp\/v2\/pages\/253\/revisions\/511"}],"wp:attachment":[{"href":"http:\/\/ghae.fr\/index.php?rest_route=%2Fwp%2Fv2%2Fmedia&parent=253"}],"curies":[{"name":"wp","href":"https:\/\/api.w.org\/{rel}","templated":true}]}}