{"id":477,"date":"2017-09-26T15:32:13","date_gmt":"2017-09-26T13:32:13","guid":{"rendered":"http:\/\/ghae.fr\/?page_id=477"},"modified":"2021-10-21T02:10:41","modified_gmt":"2021-10-21T00:10:41","slug":"danse","status":"publish","type":"page","link":"http:\/\/ghae.fr\/?page_id=477","title":{"rendered":"Danse"},"content":{"rendered":"<p><a href=\"http:\/\/ghae.fr\/wp-content\/uploads\/2021\/10\/IMG_9420.jpg\"><img decoding=\"async\" loading=\"lazy\" class=\"wp-image-583 aligncenter\" src=\"http:\/\/ghae.fr\/wp-content\/uploads\/2021\/10\/IMG_9420.jpg\" alt=\"\" width=\"225\" height=\"225\" srcset=\"http:\/\/ghae.fr\/wp-content\/uploads\/2021\/10\/IMG_9420.jpg 1218w, http:\/\/ghae.fr\/wp-content\/uploads\/2021\/10\/IMG_9420-150x150.jpg 150w, http:\/\/ghae.fr\/wp-content\/uploads\/2021\/10\/IMG_9420-300x300.jpg 300w, http:\/\/ghae.fr\/wp-content\/uploads\/2021\/10\/IMG_9420-768x768.jpg 768w, http:\/\/ghae.fr\/wp-content\/uploads\/2021\/10\/IMG_9420-1024x1024.jpg 1024w\" sizes=\"(max-width: 225px) 100vw, 225px\" \/><\/a><span style=\"color: #00ccff;\">Apr\u00e8s avoir pratiqu\u00e9 la Danse de Salon (rock, tango, paso, valse, chacha, quick step, rumba, samba, valse lente)\u00a0 \u00e0 l\u2019\u00e9cole de Danse Viala \u00e0 Pau durant 8 ans (2001 \u00e0 2009).<\/span><\/p>\n<p><span style=\"color: #00ccff;\">J&rsquo;ai fais une pause avant de reprendre en 2011 avec du rock (Rock&rsquo;N Roll Passion Pau), de la Bachata (Sangre Nueva avec Jean Denis Lakane), et de la Kizomba (durant 1 an), mais surtout de la Salsa Cubaine durant 5 ans chez <a style=\"color: #00ccff;\" href=\"http:\/\/www.irokosalsa.com\/\" target=\"_blank\" rel=\"noopener noreferrer\" data-saferedirecturl=\"https:\/\/www.google.com\/url?q=http:\/\/www.irokosalsa.com\/&amp;source=gmail&amp;ust=1568985955451000&amp;usg=AFQjCNEeZjgHc7BW6c02tWzGID32W-U4JQ\">Iroko \u00e0 Pau avec Javier Pompa<\/a>, et toujours des stages des que je le pouvais.<\/span><\/p>\n<p><span style=\"color: #00ccff;\">\u00c9ducateur Sportif \u00e0 la Mairie d&rsquo;Orthez, j&rsquo;ai propos\u00e9 de l&rsquo;animation de base Salsa\/Suelta \u00e9coute musicale lors des TAP (Temps d&rsquo;Activit\u00e9s P\u00e9riscolaires) dans toutes les \u00e9coles primaires d&rsquo;Orthez (CP au CM2).<\/span><\/p>\n<p><span style=\"color: #00ccff;\">Depuis 2016, j&rsquo;ai mis en place, toujours pour la collectivit\u00e9 d&rsquo;Orthez au Local Jeunes, des cours de Salsa pour des jeunes de 14 \u00e0 18 ans.<\/span><\/p>\n<p><iframe loading=\"lazy\" title=\"D\u00e9mo Salsa Local 23 Mai 2017\" width=\"627\" height=\"353\" src=\"https:\/\/www.youtube.com\/embed\/Aq8uEE1j8aM?feature=oembed\" frameborder=\"0\" allow=\"accelerometer; autoplay; clipboard-write; encrypted-media; gyroscope; picture-in-picture\" allowfullscreen><\/iframe><\/p>\n<p><span style=\"color: #00ccff;\">En Septembre 2017, j&rsquo;ouvre mon \u00e9cole \u00ab\u00a0LatinO&rsquo;Garage\u00a0\u00bb avec 2 cours le jeudi soir (d\u00e9butants, et interm\u00e9diaire pour ceux qui venaient de l&rsquo;ext\u00e9rieur avec un an de salsa minimum) plus pratique dansante tous les jeudis r\u00e9serv\u00e9 aux \u00e9l\u00e8ves, et une mensuelle ouverte \u00e0 tous avec des stages chaque trimestre.<\/span><\/p>\n<p><span style=\"color: #00ccff;\">En Septembre 2018, un cours de plus avec les nouveaux d\u00e9butants :<\/span><\/p>\n<p><span style=\"color: #00ccff;\">&#8211; Lundi 19h30 d\u00e9butant<\/span><\/p>\n<p><span style=\"color: #00ccff;\">&#8211; Jeudi 19h30 interm\u00e9diaire<\/span><\/p>\n<p><span style=\"color: #00ccff;\">&#8211; Jeudi 20h30 avanc\u00e9<\/span><\/p>\n<p><span style=\"color: #00ccff;\">&#8211; Jeudi 21h30 pratique<\/span><\/p>\n<p><span style=\"color: #00ccff;\">J&rsquo;int\u00e8gre cette m\u00eame saison l&rsquo;\u00e9quipe de <a href=\"http:\/\/www.siembra.fr\/\" target=\"_blank\" rel=\"noopener noreferrer\">Siembra<\/a> pour pr\u00e9parer un concours : <a href=\"http:\/\/www.benidormsummerfestival.com\/bsc\/school-salsa-star\/\" target=\"_blank\" rel=\"noopener noreferrer\">School Salsa Star<\/a> au <a href=\"https:\/\/www.facebook.com\/BenidormSalsaCongress\/\" target=\"_blank\" rel=\"noopener noreferrer\">Benidorm Salsa Congress<\/a>.<br \/>\n<\/span><\/p>\n<p><iframe loading=\"lazy\" title=\"Siembra School (Pau - Francia) Benidorm School Salsa Stars 2019\" width=\"627\" height=\"353\" src=\"https:\/\/www.youtube.com\/embed\/8SXoI7WyI5w?feature=oembed\" frameborder=\"0\" allow=\"accelerometer; autoplay; clipboard-write; encrypted-media; gyroscope; picture-in-picture\" allowfullscreen><\/iframe><\/p>\n<p><span style=\"color: #00ccff;\">En Septembre 2019, encore un nouveau cours \u00e0 la demande des \u00e9l\u00e8ves, et un nouveau planning :<\/span><\/p>\n<p><span style=\"color: #00ccff;\">&#8211; Lundi 19h30 Salsa interm\u00e9diaire<br \/>\n<\/span><\/p>\n<p><span style=\"color: #00ccff;\">&#8211; Lundi 20h30 Bachata<\/span><\/p>\n<p><span style=\"color: #00ccff;\">&#8211; Jeudi 19h30 Salsa d\u00e9butant<br \/>\n<\/span><\/p>\n<p><span style=\"color: #00ccff;\">&#8211; Jeudi 20h30 Salsa avanc\u00e9<\/span><\/p>\n<p><span style=\"color: #00ccff;\">&#8211; Jeudi 21h30 pratique dansante<br \/>\n<\/span><\/p>\n<p><span style=\"color: #00ccff;\">Pour suivre les \u00e9v\u00e8nements : Page Facebook <a href=\"https:\/\/www.facebook.com\/latinogarage\/\" target=\"_blank\" rel=\"noopener noreferrer\">LatinO&rsquo;Garage<\/a><\/span><\/p>\n<p style=\"text-align: center;\"><span style=\"color: #ff0000;\"><a style=\"color: #ff0000;\" href=\"http:\/\/ghae.fr\/wp-content\/uploads\/2021\/10\/R\u00e8glement-\u00e9cole-de-Danse.pdf\" target=\"_blank\" rel=\"noopener noreferrer\">R\u00e8glement \u00e9cole de Danse &#8211; LatinO&rsquo;Garage<\/a><\/span><\/p>\n<p><a href=\"http:\/\/ghae.fr\/wp-content\/uploads\/2021\/10\/Guillaume-Am\u00e9lie-LatinOGarage.jpg\"><img decoding=\"async\" loading=\"lazy\" class=\"size-full wp-image-585 aligncenter\" src=\"http:\/\/ghae.fr\/wp-content\/uploads\/2021\/10\/Guillaume-Am\u00e9lie-LatinOGarage.jpg\" alt=\"\" width=\"4096\" height=\"2243\" srcset=\"http:\/\/ghae.fr\/wp-content\/uploads\/2021\/10\/Guillaume-Am\u00e9lie-LatinOGarage.jpg 4096w, http:\/\/ghae.fr\/wp-content\/uploads\/2021\/10\/Guillaume-Am\u00e9lie-LatinOGarage-300x164.jpg 300w, http:\/\/ghae.fr\/wp-content\/uploads\/2021\/10\/Guillaume-Am\u00e9lie-LatinOGarage-768x421.jpg 768w, http:\/\/ghae.fr\/wp-content\/uploads\/2021\/10\/Guillaume-Am\u00e9lie-LatinOGarage-1024x561.jpg 1024w\" sizes=\"(max-width: 4096px) 100vw, 4096px\" \/><\/a><\/p>\n<p style=\"text-align: center;\">\n","protected":false},"excerpt":{"rendered":"<p>Apr\u00e8s avoir pratiqu\u00e9 la Danse de Salon (rock, tango, paso, valse, chacha, quick step, rumba, samba, valse lente)\u00a0 \u00e0 l\u2019\u00e9cole de Danse Viala \u00e0 Pau durant 8 ans (2001 \u00e0 2009). J&rsquo;ai fais une pause avant de reprendre en 2011 avec du rock (Rock&rsquo;N Roll Passion Pau), de la Bachata (Sangre Nueva avec Jean Denis [&hellip;]<\/p>\n","protected":false},"author":1,"featured_media":0,"parent":46,"menu_order":2,"comment_status":"closed","ping_status":"closed","template":"","meta":[],"_links":{"self":[{"href":"http:\/\/ghae.fr\/index.php?rest_route=\/wp\/v2\/pages\/477"}],"collection":[{"href":"http:\/\/ghae.fr\/index.php?rest_route=\/wp\/v2\/pages"}],"about":[{"href":"http:\/\/ghae.fr\/index.php?rest_route=\/wp\/v2\/types\/page"}],"author":[{"embeddable":true,"href":"http:\/\/ghae.fr\/index.php?rest_route=\/wp\/v2\/users\/1"}],"replies":[{"embeddable":true,"href":"http:\/\/ghae.fr\/index.php?rest_route=%2Fwp%2Fv2%2Fcomments&post=477"}],"version-history":[{"count":17,"href":"http:\/\/ghae.fr\/index.php?rest_route=\/wp\/v2\/pages\/477\/revisions"}],"predecessor-version":[{"id":586,"href":"http:\/\/ghae.fr\/index.php?rest_route=\/wp\/v2\/pages\/477\/revisions\/586"}],"up":[{"embeddable":true,"href":"http:\/\/ghae.fr\/index.php?rest_route=\/wp\/v2\/pages\/46"}],"wp:attachment":[{"href":"http:\/\/ghae.fr\/index.php?rest_route=%2Fwp%2Fv2%2Fmedia&parent=477"}],"curies":[{"name":"wp","href":"https:\/\/api.w.org\/{rel}","templated":true}]}}