{"id":50,"date":"2014-02-28T10:12:14","date_gmt":"2014-02-28T09:12:14","guid":{"rendered":"http:\/\/ghae.fr\/?page_id=50"},"modified":"2018-01-25T12:00:02","modified_gmt":"2018-01-25T11:00:02","slug":"sante","status":"publish","type":"page","link":"http:\/\/ghae.fr\/?page_id=50","title":{"rendered":"Forme &#8211; Sport &#8211; Sant\u00e9"},"content":{"rendered":"<p><span style=\"color: #00ccff;\">\u00c9quip\u00e9 du tout nouveau MYOTEST PRO 2 (acc\u00e9l\u00e9rom\u00e8tre qui permet de mesurer le mouvement et ainsi de d\u00e9gager un bilan global sur les capacit\u00e9s fonctionnelles du patient, par l\u2019interm\u00e9diaire d\u2019exercices pr\u00e9enregistr\u00e9s), je vous propose <strong>12 tests libres<\/strong> et un <strong>protocole d\u2019\u00e9valuation de la forme et sant\u00e9<\/strong> (<strong>Module <\/strong><strong>Care*<\/strong>) qui vont chacun permettre de mesurer les aptitudes physiques en mesurant certains param\u00e8tres techniques..<\/span><\/p>\n<p><span style=\"color: #00ccff;\"><a style=\"color: #00ccff;\" href=\"http:\/\/ghae.fr\/wp-content\/uploads\/2014\/02\/Schema-fonctionnement-Myotest-Pro-2.jpg\"><img decoding=\"async\" loading=\"lazy\" class=\"size-medium wp-image-53 aligncenter\" src=\"http:\/\/ghae.fr\/wp-content\/uploads\/2014\/02\/Schema-fonctionnement-Myotest-Pro-2-300x99.jpg\" alt=\"Schema fonctionnement Myotest Pro 2\" width=\"300\" height=\"99\" srcset=\"http:\/\/ghae.fr\/wp-content\/uploads\/2014\/02\/Schema-fonctionnement-Myotest-Pro-2-300x99.jpg 300w, http:\/\/ghae.fr\/wp-content\/uploads\/2014\/02\/Schema-fonctionnement-Myotest-Pro-2.jpg 900w\" sizes=\"(max-width: 300px) 100vw, 300px\" \/><\/a><\/span><\/p>\n<p><span style=\"color: #00ccff;\"><strong>Le Module Care<\/strong><\/span><\/p>\n<p><span style=\"color: #00ccff;\">C\u2019est une suite de 5 exercices (gainage et tenue du corps, qualit\u00e9s musculaires, capacit\u00e9s sensorimotrices, amplitude articulaire, et r\u00e9sistance \u00e0 la fatigue), not\u00e9s de 1 \u00e0 5 qui donne un bilan visuel sur les performances globales du patient et donne un aper\u00e7u des points forts et des faiblesses de celui-ci :<\/span><\/p>\n<p style=\"text-align: left;\"><span style=\"color: #00ccff;\"><a style=\"color: #00ccff;\" href=\"http:\/\/ghae.fr\/wp-content\/uploads\/2014\/02\/Le-Module-Care.jpg\"><img decoding=\"async\" loading=\"lazy\" class=\"size-full wp-image-54 aligncenter\" src=\"http:\/\/ghae.fr\/wp-content\/uploads\/2014\/02\/Le-Module-Care.jpg\" alt=\"Le Module Care\" width=\"150\" height=\"204\" \/><\/a><\/span><\/p>\n<p style=\"text-align: left;\"><span style=\"color: #00ccff;\">Des exercices adapt\u00e9s pourront alors \u00eatre prescrits plus facilement et les donn\u00e9es de chaque s\u00e9ance sont enregistr\u00e9es sur la fiche du patient.<\/span><\/p>\n<p><span style=\"color: #00ccff;\"><a style=\"color: #00ccff;\" href=\"http:\/\/ghae.fr\/wp-content\/uploads\/2014\/02\/Myotest-Pro-2.jpg\"><img decoding=\"async\" loading=\"lazy\" class=\"size-medium wp-image-56 aligncenter\" src=\"http:\/\/ghae.fr\/wp-content\/uploads\/2014\/02\/Myotest-Pro-2-300x133.jpg\" alt=\"Myotest Pro 2\" width=\"300\" height=\"133\" srcset=\"http:\/\/ghae.fr\/wp-content\/uploads\/2014\/02\/Myotest-Pro-2-300x133.jpg 300w, http:\/\/ghae.fr\/wp-content\/uploads\/2014\/02\/Myotest-Pro-2.jpg 672w\" sizes=\"(max-width: 300px) 100vw, 300px\" \/><\/a><\/span><\/p>\n<p><span style=\"color: #00ccff;\"><script>\/\/ <![CDATA[ (function(i,s,o,g,r,a,m){i['GoogleAnalyticsObject']=r;i[r]=i[r]||function(){ (i[r].q=i[r].q||[]).push(arguments)},i[r].l=1*new Date();a=s.createElement(o), m=s.getElementsByTagName(o)[0];a.async=1;a.src=g;m.parentNode.insertBefore(a,m) })(window,document,'script','\/\/www.google-analytics.com\/analytics.js','ga'); ga('create', 'UA-62722757-1', 'auto'); ga('send', 'pageview'); \/\/ ]]><\/script><\/span><\/p>\n","protected":false},"excerpt":{"rendered":"<p>\u00c9quip\u00e9 du tout nouveau MYOTEST PRO 2 (acc\u00e9l\u00e9rom\u00e8tre qui permet de mesurer le mouvement et ainsi de d\u00e9gager un bilan global sur les capacit\u00e9s fonctionnelles du patient, par l\u2019interm\u00e9diaire d\u2019exercices pr\u00e9enregistr\u00e9s), je vous propose 12 tests libres et un protocole d\u2019\u00e9valuation de la forme et sant\u00e9 (Module Care*) qui vont chacun permettre de mesurer les [&hellip;]<\/p>\n","protected":false},"author":1,"featured_media":0,"parent":46,"menu_order":3,"comment_status":"closed","ping_status":"open","template":"","meta":[],"_links":{"self":[{"href":"http:\/\/ghae.fr\/index.php?rest_route=\/wp\/v2\/pages\/50"}],"collection":[{"href":"http:\/\/ghae.fr\/index.php?rest_route=\/wp\/v2\/pages"}],"about":[{"href":"http:\/\/ghae.fr\/index.php?rest_route=\/wp\/v2\/types\/page"}],"author":[{"embeddable":true,"href":"http:\/\/ghae.fr\/index.php?rest_route=\/wp\/v2\/users\/1"}],"replies":[{"embeddable":true,"href":"http:\/\/ghae.fr\/index.php?rest_route=%2Fwp%2Fv2%2Fcomments&post=50"}],"version-history":[{"count":7,"href":"http:\/\/ghae.fr\/index.php?rest_route=\/wp\/v2\/pages\/50\/revisions"}],"predecessor-version":[{"id":516,"href":"http:\/\/ghae.fr\/index.php?rest_route=\/wp\/v2\/pages\/50\/revisions\/516"}],"up":[{"embeddable":true,"href":"http:\/\/ghae.fr\/index.php?rest_route=\/wp\/v2\/pages\/46"}],"wp:attachment":[{"href":"http:\/\/ghae.fr\/index.php?rest_route=%2Fwp%2Fv2%2Fmedia&parent=50"}],"curies":[{"name":"wp","href":"https:\/\/api.w.org\/{rel}","templated":true}]}}