{"id":59,"date":"2014-02-28T10:44:11","date_gmt":"2014-02-28T09:44:11","guid":{"rendered":"http:\/\/ghae.fr\/?page_id=59"},"modified":"2018-01-25T12:00:36","modified_gmt":"2018-01-25T11:00:36","slug":"securite","status":"publish","type":"page","link":"http:\/\/ghae.fr\/?page_id=59","title":{"rendered":"S\u00e9curit\u00e9"},"content":{"rendered":"<div class=\"margin-tm\"><span style=\"color: #00ccff;\">Depuis 2005, j&rsquo;assure des missions de pr\u00e9vention, de surveillance, et de protection des personnes.<\/span><\/div>\n<div class=\"margin-tm\"><span style=\"color: #00ccff;\">L&rsquo;accueil, le contr\u00f4le, et la s\u00e9curit\u00e9 font partie de mes attributions dans la soci\u00e9t\u00e9 dans laquelle j&rsquo;effectue la majorit\u00e9 de mes prestations : La soci\u00e9t\u00e9 PRESTAR SERVICE (BILLERE 64) &#8211; S\u00e9curit\u00e9 priv\u00e9e. Prestation de services autour du spectacle vivant et de l&rsquo;\u00e9v\u00e9nementiel.<\/span><\/div>\n<div><span style=\"color: #00ccff;\">J&rsquo;interviens principalement au Z\u00e9nith de Pau lors des concerts et spectacles, mais aussi dans\u00a0diff\u00e9rentes communes pour divers \u00e9v\u00e8nementiels.<\/span><\/div>\n<div><span style=\"color: #00ccff;\">\u00a0<\/span><\/div>\n<div style=\"text-align: center;\"><span style=\"color: #00ccff;\"><a style=\"color: #00ccff;\" href=\"http:\/\/ghae.fr\/wp-content\/uploads\/2014\/02\/Indochine-Z\u00e9nith-Pau.jpg\"><img decoding=\"async\" loading=\"lazy\" class=\"alignnone size-full wp-image-312\" src=\"http:\/\/ghae.fr\/wp-content\/uploads\/2014\/02\/Indochine-Z\u00e9nith-Pau.jpg\" alt=\"Indochine Z\u00e9nith Pau\" width=\"450\" height=\"300\" srcset=\"http:\/\/ghae.fr\/wp-content\/uploads\/2014\/02\/Indochine-Z\u00e9nith-Pau.jpg 450w, http:\/\/ghae.fr\/wp-content\/uploads\/2014\/02\/Indochine-Z\u00e9nith-Pau-300x200.jpg 300w\" sizes=\"(max-width: 450px) 100vw, 450px\" \/><\/a><\/span><\/div>\n<div style=\"text-align: center;\"><span style=\"color: #00ccff;\"><em>Photo Journal Sud-Ouest &#8211; Concert Indochine<\/em><\/span><\/div>\n<div style=\"text-align: center;\"><\/div>\n<div style=\"text-align: center;\"><a href=\"http:\/\/ghae.fr\/wp-content\/uploads\/2017\/11\/Les-Chevaliers-du-Fiel.jpg\"><img decoding=\"async\" loading=\"lazy\" class=\"alignnone wp-image-489\" src=\"http:\/\/ghae.fr\/wp-content\/uploads\/2017\/11\/Les-Chevaliers-du-Fiel.jpg\" alt=\"\" width=\"613\" height=\"460\" srcset=\"http:\/\/ghae.fr\/wp-content\/uploads\/2017\/11\/Les-Chevaliers-du-Fiel.jpg 960w, http:\/\/ghae.fr\/wp-content\/uploads\/2017\/11\/Les-Chevaliers-du-Fiel-300x225.jpg 300w, http:\/\/ghae.fr\/wp-content\/uploads\/2017\/11\/Les-Chevaliers-du-Fiel-768x576.jpg 768w\" sizes=\"(max-width: 613px) 100vw, 613px\" \/><\/a><\/div>\n<div style=\"text-align: center;\"><span style=\"color: #00ccff;\">Les Chevaliers du Fiel &#8211; Spectacle Janvier 2015<\/span><\/div>\n<div><\/div>\n<div style=\"text-align: center;\"><a href=\"http:\/\/ghae.fr\/wp-content\/uploads\/2017\/11\/Julien.jpg\"><img decoding=\"async\" loading=\"lazy\" class=\"alignnone size-full wp-image-488\" src=\"http:\/\/ghae.fr\/wp-content\/uploads\/2017\/11\/Julien.jpg\" alt=\"\" width=\"480\" height=\"596\" srcset=\"http:\/\/ghae.fr\/wp-content\/uploads\/2017\/11\/Julien.jpg 480w, http:\/\/ghae.fr\/wp-content\/uploads\/2017\/11\/Julien-242x300.jpg 242w\" sizes=\"(max-width: 480px) 100vw, 480px\" \/><\/a><\/div>\n<div style=\"text-align: center;\"><em><span style=\"color: #00ccff;\">Photo Hall Z\u00e9nith &#8211; Concert Julien Dor\u00e9 Mai 2017<\/span><br \/>\n<\/em><\/div>\n<p>&nbsp;<\/p>\n<p><span style=\"color: #00ccff;\"><script>\/\/ <![CDATA[ (function(i,s,o,g,r,a,m){i['GoogleAnalyticsObject']=r;i[r]=i[r]||function(){ (i[r].q=i[r].q||[]).push(arguments)},i[r].l=1*new Date();a=s.createElement(o), m=s.getElementsByTagName(o)[0];a.async=1;a.src=g;m.parentNode.insertBefore(a,m) })(window,document,'script','\/\/www.google-analytics.com\/analytics.js','ga'); ga('create', 'UA-62722757-1', 'auto'); ga('send', 'pageview'); \/\/ ]]><\/script><\/span><\/p>\n","protected":false},"excerpt":{"rendered":"<p>Depuis 2005, j&rsquo;assure des missions de pr\u00e9vention, de surveillance, et de protection des personnes. L&rsquo;accueil, le contr\u00f4le, et la s\u00e9curit\u00e9 font partie de mes attributions dans la soci\u00e9t\u00e9 dans laquelle j&rsquo;effectue la majorit\u00e9 de mes prestations : La soci\u00e9t\u00e9 PRESTAR SERVICE (BILLERE 64) &#8211; S\u00e9curit\u00e9 priv\u00e9e. Prestation de services autour du spectacle vivant et de [&hellip;]<\/p>\n","protected":false},"author":1,"featured_media":0,"parent":46,"menu_order":4,"comment_status":"closed","ping_status":"open","template":"","meta":[],"_links":{"self":[{"href":"http:\/\/ghae.fr\/index.php?rest_route=\/wp\/v2\/pages\/59"}],"collection":[{"href":"http:\/\/ghae.fr\/index.php?rest_route=\/wp\/v2\/pages"}],"about":[{"href":"http:\/\/ghae.fr\/index.php?rest_route=\/wp\/v2\/types\/page"}],"author":[{"embeddable":true,"href":"http:\/\/ghae.fr\/index.php?rest_route=\/wp\/v2\/users\/1"}],"replies":[{"embeddable":true,"href":"http:\/\/ghae.fr\/index.php?rest_route=%2Fwp%2Fv2%2Fcomments&post=59"}],"version-history":[{"count":12,"href":"http:\/\/ghae.fr\/index.php?rest_route=\/wp\/v2\/pages\/59\/revisions"}],"predecessor-version":[{"id":490,"href":"http:\/\/ghae.fr\/index.php?rest_route=\/wp\/v2\/pages\/59\/revisions\/490"}],"up":[{"embeddable":true,"href":"http:\/\/ghae.fr\/index.php?rest_route=\/wp\/v2\/pages\/46"}],"wp:attachment":[{"href":"http:\/\/ghae.fr\/index.php?rest_route=%2Fwp%2Fv2%2Fmedia&parent=59"}],"curies":[{"name":"wp","href":"https:\/\/api.w.org\/{rel}","templated":true}]}}