{"id":61,"date":"2014-02-28T10:44:26","date_gmt":"2014-02-28T09:44:26","guid":{"rendered":"http:\/\/ghae.fr\/?page_id=61"},"modified":"2021-10-21T04:03:32","modified_gmt":"2021-10-21T02:03:32","slug":"sport","status":"publish","type":"page","link":"http:\/\/ghae.fr\/?page_id=61","title":{"rendered":"Boxe"},"content":{"rendered":"<p><span style=\"color: #00ccff;\">Boxe :<\/span><\/p>\n<p><span style=\"color: #00ccff;\">&#8211; Cours particulier et \/ ou collectif<\/span><\/p>\n<p><span style=\"color: #00ccff;\">&#8211; Formation d&rsquo;\u00e9ducateurs \/ Entra\u00eeneurs (BF &#8211; BP)<\/span><\/p>\n<p><span style=\"color: #00ccff;\">&#8211; Responsable de centre au CREPS de Bordeaux des formations BPJEPS Boxe pour la F\u00e9d\u00e9ration Fran\u00e7aise de Boxe<\/span><\/p>\n<p><iframe loading=\"lazy\" title=\"L&#039;histoire du Boxing Club Orthez\" width=\"627\" height=\"353\" src=\"https:\/\/www.youtube.com\/embed\/pKRCmQdPGZU?feature=oembed\" frameborder=\"0\" allow=\"accelerometer; autoplay; clipboard-write; encrypted-media; gyroscope; picture-in-picture\" allowfullscreen><\/iframe><\/p>\n<p><a href=\"http:\/\/ghae.fr\/wp-content\/uploads\/2021\/10\/Sans-titre22.jpg\"><img decoding=\"async\" loading=\"lazy\" class=\"size-full wp-image-588 aligncenter\" src=\"http:\/\/ghae.fr\/wp-content\/uploads\/2021\/10\/Sans-titre22.jpg\" alt=\"\" width=\"603\" height=\"239\" srcset=\"http:\/\/ghae.fr\/wp-content\/uploads\/2021\/10\/Sans-titre22.jpg 603w, http:\/\/ghae.fr\/wp-content\/uploads\/2021\/10\/Sans-titre22-300x119.jpg 300w\" sizes=\"(max-width: 603px) 100vw, 603px\" \/><\/a><\/p>\n<p><a href=\"http:\/\/ghae.fr\/wp-content\/uploads\/2021\/10\/Sans-titre.jpg\"><img decoding=\"async\" loading=\"lazy\" class=\"size-full wp-image-587 aligncenter\" src=\"http:\/\/ghae.fr\/wp-content\/uploads\/2021\/10\/Sans-titre.jpg\" alt=\"\" width=\"579\" height=\"323\" srcset=\"http:\/\/ghae.fr\/wp-content\/uploads\/2021\/10\/Sans-titre.jpg 579w, http:\/\/ghae.fr\/wp-content\/uploads\/2021\/10\/Sans-titre-300x167.jpg 300w\" sizes=\"(max-width: 579px) 100vw, 579px\" \/><\/a><\/p>\n<p><span style=\"color: #00ccff;\"><script>\/\/ <![CDATA[ (function(i,s,o,g,r,a,m){i['GoogleAnalyticsObject']=r;i[r]=i[r]||function(){ (i[r].q=i[r].q||[]).push(arguments)},i[r].l=1*new Date();a=s.createElement(o), m=s.getElementsByTagName(o)[0];a.async=1;a.src=g;m.parentNode.insertBefore(a,m) })(window,document,'script','\/\/www.google-analytics.com\/analytics.js','ga'); ga('create', 'UA-62722757-1', 'auto'); ga('send', 'pageview'); \/\/ ]]><\/script><\/span><\/p>\n","protected":false},"excerpt":{"rendered":"<p>Boxe : &#8211; Cours particulier et \/ ou collectif &#8211; Formation d&rsquo;\u00e9ducateurs \/ Entra\u00eeneurs (BF &#8211; BP) &#8211; Responsable de centre au CREPS de Bordeaux des formations BPJEPS Boxe pour la F\u00e9d\u00e9ration Fran\u00e7aise de Boxe<\/p>\n","protected":false},"author":1,"featured_media":0,"parent":46,"menu_order":1,"comment_status":"closed","ping_status":"open","template":"","meta":[],"_links":{"self":[{"href":"http:\/\/ghae.fr\/index.php?rest_route=\/wp\/v2\/pages\/61"}],"collection":[{"href":"http:\/\/ghae.fr\/index.php?rest_route=\/wp\/v2\/pages"}],"about":[{"href":"http:\/\/ghae.fr\/index.php?rest_route=\/wp\/v2\/types\/page"}],"author":[{"embeddable":true,"href":"http:\/\/ghae.fr\/index.php?rest_route=\/wp\/v2\/users\/1"}],"replies":[{"embeddable":true,"href":"http:\/\/ghae.fr\/index.php?rest_route=%2Fwp%2Fv2%2Fcomments&post=61"}],"version-history":[{"count":11,"href":"http:\/\/ghae.fr\/index.php?rest_route=\/wp\/v2\/pages\/61\/revisions"}],"predecessor-version":[{"id":593,"href":"http:\/\/ghae.fr\/index.php?rest_route=\/wp\/v2\/pages\/61\/revisions\/593"}],"up":[{"embeddable":true,"href":"http:\/\/ghae.fr\/index.php?rest_route=\/wp\/v2\/pages\/46"}],"wp:attachment":[{"href":"http:\/\/ghae.fr\/index.php?rest_route=%2Fwp%2Fv2%2Fmedia&parent=61"}],"curies":[{"name":"wp","href":"https:\/\/api.w.org\/{rel}","templated":true}]}}